{"id":951,"date":"2022-02-24T14:11:37","date_gmt":"2022-02-24T14:11:37","guid":{"rendered":"https:\/\/fmid.eu\/elearning\/"},"modified":"2023-01-26T11:06:42","modified_gmt":"2023-01-26T11:06:42","slug":"elearning","status":"publish","type":"page","link":"https:\/\/fmid.eu\/pt-pt\/elearning\/","title":{"rendered":"E-learning"},"content":{"rendered":"<div>\n<p>        <img decoding=\"async\" src=\"\/wp-content\/uploads\/2022\/06\/FMID_Website_090622_SK-08-3.png\" alt=\"\"><\/p>\n<div>\n<p>A plataforma de aprendizagem online d\u00e1, aos jovens e aos profissionais que com eles trabalham, a oportunidade de explorar recursos sobre v\u00eddeo, tais como: breakouts digitais, podcasts, v\u00eddeos, PDF, fornecendo-lhes muita informa\u00e7\u00e3o sobre o processo da produ\u00e7\u00e3o de filmes. Al\u00e9m disso, os utilizadores registados podem fazer upload dos seus pr\u00f3prios materiais.<\/p>\n<\/div>\n<p><a href=\"#\">Coming Soon<\/a><\/p>\n<\/div>\n<p><!--more--><br \/>\n<!-- {\"type\":\"layout\",\"children\":[{\"type\":\"section\",\"props\":{\"style\":\"default\",\"width\":\"default\",\"vertical_align\":\"middle\",\"title_position\":\"top-left\",\"title_rotation\":\"left\",\"title_breakpoint\":\"xl\",\"image_position\":\"center-center\",\"padding_remove_top\":true},\"children\":[{\"type\":\"row\",\"children\":[{\"type\":\"column\",\"props\":{\"position_sticky_breakpoint\":\"m\",\"image_position\":\"center-center\",\"media_overlay_gradient\":\"\"},\"children\":[{\"type\":\"headline\",\"props\":{\"title_element\":\"h1\",\"title_color\":\"success\"},\"source\":{\"query\":{\"name\":\"pages.singlePage\"},\"props\":{\"content\":{\"filters\":{\"search\":\"\"},\"name\":\"title\"}}}},{\"type\":\"panel\",\"props\":{\"link_text\":\"Coming Soon\",\"title_hover_style\":\"reset\",\"title_element\":\"h3\",\"title_align\":\"top\",\"title_grid_width\":\"1-2\",\"title_grid_breakpoint\":\"m\",\"meta_style\":\"meta\",\"meta_align\":\"below-title\",\"meta_element\":\"div\",\"content_column_breakpoint\":\"m\",\"icon_width\":80,\"image_align\":\"left\",\"image_grid_width\":\"1-3\",\"image_grid_breakpoint\":\"m\",\"image_svg_color\":\"emphasis\",\"link_style\":\"default\",\"margin\":\"default\",\"title\":\"\",\"content\":\"\n\n<p>A plataforma de aprendizagem online d\\u00e1, aos jovens e aos profissionais que com eles trabalham, a oportunidade de explorar recursos sobre v\\u00eddeo, tais como: breakouts digitais, podcasts, v\\u00eddeos, PDF, fornecendo-lhes muita informa\\u00e7\\u00e3o sobre o processo da produ\\u00e7\\u00e3o de filmes. Al\\u00e9m disso, os utilizadores registados podem fazer upload dos seus pr\\u00f3prios materiais.<\\\/p>\",\"image\":\"wp-content\\\/uploads\\\/2022\\\/06\\\/FMID_Website_090622_SK-08-3.png\",\"title_color\":\"success\",\"link\":\"#\",\"image_vertical_align\":true},\"name\":\"left-image-panel\"}]}]}]}],\"version\":\"2.7.22\"} --><\/p>\n","protected":false},"excerpt":{"rendered":"<p>A plataforma de aprendizagem online d\u00e1, aos jovens e aos profissionais que com eles trabalham, a oportunidade de explorar recursos sobre v\u00eddeo, tais como: breakouts..<\/p>\n","protected":false},"author":1,"featured_media":0,"parent":0,"menu_order":0,"comment_status":"closed","ping_status":"closed","template":"","meta":{"_acf_changed":false,"inline_featured_image":false,"footnotes":""},"class_list":["post-951","page","type-page","status-publish","hentry"],"acf":[],"_links":{"self":[{"href":"https:\/\/fmid.eu\/pt-pt\/wp-json\/wp\/v2\/pages\/951","targetHints":{"allow":["GET"]}}],"collection":[{"href":"https:\/\/fmid.eu\/pt-pt\/wp-json\/wp\/v2\/pages"}],"about":[{"href":"https:\/\/fmid.eu\/pt-pt\/wp-json\/wp\/v2\/types\/page"}],"author":[{"embeddable":true,"href":"https:\/\/fmid.eu\/pt-pt\/wp-json\/wp\/v2\/users\/1"}],"replies":[{"embeddable":true,"href":"https:\/\/fmid.eu\/pt-pt\/wp-json\/wp\/v2\/comments?post=951"}],"version-history":[{"count":2,"href":"https:\/\/fmid.eu\/pt-pt\/wp-json\/wp\/v2\/pages\/951\/revisions"}],"predecessor-version":[{"id":1034,"href":"https:\/\/fmid.eu\/pt-pt\/wp-json\/wp\/v2\/pages\/951\/revisions\/1034"}],"wp:attachment":[{"href":"https:\/\/fmid.eu\/pt-pt\/wp-json\/wp\/v2\/media?parent=951"}],"curies":[{"name":"wp","href":"https:\/\/api.w.org\/{rel}","templated":true}]}}