{"id":948,"date":"2022-02-24T14:11:37","date_gmt":"2022-02-24T14:11:37","guid":{"rendered":"https:\/\/fmid.eu\/elearning\/"},"modified":"2023-01-26T10:51:23","modified_gmt":"2023-01-26T10:51:23","slug":"elearning","status":"publish","type":"page","link":"https:\/\/fmid.eu\/de\/elearning\/","title":{"rendered":"E-Learning"},"content":{"rendered":"<div>\n<p>        <img decoding=\"async\" src=\"\/wp-content\/uploads\/2022\/06\/FMID_Website_090622_SK-08-3.png\" alt=\"\"><\/p>\n<div>\n<p>Die Online-Lernplattform bietet jungen Menschen und Jugendbetreuern die M\u00f6glichkeit, Ressourcen wie digitale Breakouts, Podcasts, Videos und PDFs zu nutzen, die ihnen eine F\u00fclle von Informationen f\u00fcr den Filmherstellungsprozess bieten. Dar\u00fcber hinaus k\u00f6nnen die registrierten Benutzer ihre eigenen Materialien hochladen.<\/p>\n<\/div>\n<p><a href=\"#\">Coming Soon<\/a><\/p>\n<\/div>\n<p><!--more--><br \/>\n<!-- {\"type\":\"layout\",\"children\":[{\"type\":\"section\",\"props\":{\"style\":\"default\",\"width\":\"default\",\"vertical_align\":\"middle\",\"title_position\":\"top-left\",\"title_rotation\":\"left\",\"title_breakpoint\":\"xl\",\"image_position\":\"center-center\",\"padding_remove_top\":true},\"children\":[{\"type\":\"row\",\"children\":[{\"type\":\"column\",\"props\":{\"position_sticky_breakpoint\":\"m\",\"image_position\":\"center-center\",\"media_overlay_gradient\":\"\"},\"children\":[{\"type\":\"headline\",\"props\":{\"title_element\":\"h1\",\"title_color\":\"success\"},\"source\":{\"query\":{\"name\":\"pages.singlePage\"},\"props\":{\"content\":{\"filters\":{\"search\":\"\"},\"name\":\"title\"}}}},{\"type\":\"panel\",\"props\":{\"link_text\":\"Coming Soon\",\"title_hover_style\":\"reset\",\"title_element\":\"h3\",\"title_align\":\"top\",\"title_grid_width\":\"1-2\",\"title_grid_breakpoint\":\"m\",\"meta_style\":\"meta\",\"meta_align\":\"below-title\",\"meta_element\":\"div\",\"content_column_breakpoint\":\"m\",\"icon_width\":80,\"image_align\":\"left\",\"image_grid_width\":\"1-3\",\"image_grid_breakpoint\":\"m\",\"image_svg_color\":\"emphasis\",\"link_style\":\"default\",\"margin\":\"default\",\"title\":\"\",\"content\":\"\n\n<p>Die Online-Lernplattform bietet jungen Menschen und Jugendbetreuern die M\\u00f6glichkeit, Ressourcen wie digitale Breakouts, Podcasts, Videos und PDFs zu nutzen, die ihnen eine F\\u00fclle von Informationen f\\u00fcr den Filmherstellungsprozess bieten. Dar\\u00fcber hinaus k\\u00f6nnen die registrierten Benutzer ihre eigenen Materialien hochladen.<\\\/p>\",\"image\":\"wp-content\\\/uploads\\\/2022\\\/06\\\/FMID_Website_090622_SK-08-3.png\",\"title_color\":\"success\",\"link\":\"#\",\"image_vertical_align\":true},\"name\":\"left-image-panel\"}]}]}]}],\"version\":\"2.7.22\"} --><\/p>\n","protected":false},"excerpt":{"rendered":"<p>Die Online-Lernplattform bietet jungen Menschen und Jugendbetreuern die M\u00f6glichkeit, Ressourcen wie digitale Breakouts, Podcasts, Videos und PDFs zu nutzen, die ihnen eine F\u00fclle von Informationen..<\/p>\n","protected":false},"author":1,"featured_media":0,"parent":0,"menu_order":0,"comment_status":"closed","ping_status":"closed","template":"","meta":{"_acf_changed":false,"inline_featured_image":false,"footnotes":""},"class_list":["post-948","page","type-page","status-publish","hentry"],"acf":[],"_links":{"self":[{"href":"https:\/\/fmid.eu\/de\/wp-json\/wp\/v2\/pages\/948","targetHints":{"allow":["GET"]}}],"collection":[{"href":"https:\/\/fmid.eu\/de\/wp-json\/wp\/v2\/pages"}],"about":[{"href":"https:\/\/fmid.eu\/de\/wp-json\/wp\/v2\/types\/page"}],"author":[{"embeddable":true,"href":"https:\/\/fmid.eu\/de\/wp-json\/wp\/v2\/users\/1"}],"replies":[{"embeddable":true,"href":"https:\/\/fmid.eu\/de\/wp-json\/wp\/v2\/comments?post=948"}],"version-history":[{"count":2,"href":"https:\/\/fmid.eu\/de\/wp-json\/wp\/v2\/pages\/948\/revisions"}],"predecessor-version":[{"id":997,"href":"https:\/\/fmid.eu\/de\/wp-json\/wp\/v2\/pages\/948\/revisions\/997"}],"wp:attachment":[{"href":"https:\/\/fmid.eu\/de\/wp-json\/wp\/v2\/media?parent=948"}],"curies":[{"name":"wp","href":"https:\/\/api.w.org\/{rel}","templated":true}]}}